{"id":10,"date":"2023-04-18T11:09:58","date_gmt":"2023-04-18T09:09:58","guid":{"rendered":"http:\/\/lfv-wacken.de\/wp\/?page_id=10"},"modified":"2026-01-26T12:29:36","modified_gmt":"2026-01-26T11:29:36","slug":"verein","status":"publish","type":"page","link":"https:\/\/lfv-wacken.de\/wp\/","title":{"rendered":"Verein"},"content":{"rendered":"\n<div style=\"height:50px\" aria-hidden=\"true\" class=\"wp-block-spacer\"><\/div>\n\n\n<div class=\"wp-block-image\">\n<figure class=\"alignleft size-full\"><img loading=\"lazy\" decoding=\"async\" width=\"1000\" height=\"610\" src=\"http:\/\/lfv-wacken.de\/wp\/wp-content\/uploads\/LFV_Bild_002_1000.jpg\" alt=\"LandFrauen Verein Wacken\" class=\"wp-image-318\" srcset=\"https:\/\/lfv-wacken.de\/wp\/wp-content\/uploads\/LFV_Bild_002_1000.jpg 1000w, https:\/\/lfv-wacken.de\/wp\/wp-content\/uploads\/LFV_Bild_002_1000-800x488.jpg 800w, https:\/\/lfv-wacken.de\/wp\/wp-content\/uploads\/LFV_Bild_002_1000-768x468.jpg 768w\" sizes=\"auto, (max-width: 1000px) 100vw, 1000px\" \/><\/figure>\n<\/div>\n\n\n<div style=\"height:5px\" aria-hidden=\"true\" class=\"wp-block-spacer\"><\/div>\n\n\n\n<p class=\"has-text-align-left has-small-font-size\"><\/p>\n\n\n\n<div style=\"height:50px\" aria-hidden=\"true\" class=\"wp-block-spacer\"><\/div>\n\n\n\n<h2 class=\"wp-block-heading\">Herzlich willkommen beim<br>LandFrauenVerein<br>Wacken und Umgebung!<\/h2>\n\n\n\n<div style=\"height:50px\" aria-hidden=\"true\" class=\"wp-block-spacer\"><\/div>\n\n\n\n<p>Wir freuen uns \u00fcber Ihr Interesse an unserem LandFrauenVerein und zeigen Ihnen auf unserer Seite mehr zu unserer Gemeinschaft.<br><br>Unser Verein hat es sich zur Aufgabe gemacht, als Gemeinschaft das Landleben zu bereichern. Das Angebot der Landfrauen aus Wacken und Umgebung erstreckt sich von Seminaren und Vortr\u00e4gen \u00fcber regelm\u00e4\u00dfige offene Zusammenk\u00fcnfte und spontane Treffen bis hin zu Ausfl\u00fcgen und Reisen. So findet jede Frau passende und interessante M\u00f6glichkeiten auf Fortbildungen und gemeinschaftliche Vorhaben. Wir Landfrauen bilden uns regelm\u00e4\u00dfig zu vielf\u00e4ltigen Themen fort: Beruf, Neue Medien, soziale Sicherung, Frauenfragen, Familie, Landwirtschaft, Haushaltsmanagement, Politik, Berufsstand, Gemeinde, Ehrenamt, Kultur.<br><br>Wir sind ein aktiver und fr\u00f6hlicher LandFrauenVerein, so dass bei uns m\u00f6glichst immer die Sonne scheint.<br><br>Kommen Sie gerne dazu. Wir hei\u00dfen Sie gerne als neues Mitglied willkommen!<br><br>Ihre LandFrauen aus Wacken und Umgebung<\/p>\n\n\n\n<div style=\"height:100px\" aria-hidden=\"true\" class=\"wp-block-spacer\"><\/div>\n\n\n\n<h2 class=\"wp-block-heading\">Aktuell<\/h2>\n\n\n\n<p>Informationen und Beitritt zur WhatsApp-Gruppe &#8222;Info LandFrauenVerein Wacken&#8220;<br>bei Dorothee K\u00fchl unter 01514 4336440<br><a href=\"http:\/\/lfv-wacken.de\/wp\/programm\/\" data-type=\"page\" data-id=\"52\">Unser Programm f\u00fcr Fr\u00fchjahr \/ Sommer 2026 ist online.<\/a><br><a href=\"http:\/\/lfv-wacken.de\/wp\/geschichte\/\" data-type=\"URL\" data-id=\"http:\/\/lfv-wacken.de\/wp\/geschichte\/\">Bericht mit Bildern zu unserer 70-Jahr-Feier<\/a><\/p>\n\n\n\n<div style=\"height:100px\" aria-hidden=\"true\" class=\"wp-block-spacer\"><\/div>\n\n\n\n<h2 class=\"wp-block-heading\">Unser Vorstand<\/h2>\n\n\n\n<div class=\"wp-block-columns is-layout-flex wp-container-core-columns-is-layout-28f84493 wp-block-columns-is-layout-flex\">\n<div class=\"wp-block-column is-layout-flow wp-block-column-is-layout-flow\">\n<p><strong>1. Vorsitzende<\/strong><br>Claudia Lahann<br>Bokelrehm<br><br><strong>2. Vorsitzende<br><\/strong>Bianca Pingel<br>Vaale<br><br><strong>3. Vorsitzende<\/strong><br>Heike Krebs<br>Holstenniendorf<\/p>\n<\/div>\n\n\n\n<div class=\"wp-block-column is-layout-flow wp-block-column-is-layout-flow\">\n<p><strong>Kassenwartin<\/strong><br>Hilke Schmittat<br>Wacken<br><br><strong>Schriftf\u00fchrerin<\/strong><br>Dorothee K\u00fchl<br>Holstenniendorf<br><br><strong>Beisitzerin<\/strong><br>Carmen Fausel<br>Holstenniendorf<\/p>\n<\/div>\n\n\n\n<div class=\"wp-block-column is-layout-flow wp-block-column-is-layout-flow\">\n<p><strong>Beisitzerin<\/strong><br>Ines Schenk<br>Wacken<br><br><strong>Beisitzerin<\/strong><br>Petra Harder<br>Gribbohm<br><br><strong>Beisitzerin<\/strong><br>Meike Timm<br>Vaale<\/p>\n<\/div>\n<\/div>\n\n\n\n<div style=\"height:100px\" aria-hidden=\"true\" class=\"wp-block-spacer\"><\/div>\n\n\n\n<h2 class=\"wp-block-heading\">Mitgliedschaft<\/h2>\n\n\n\n<p>Sie finden unsere Vereinsarbeit spannend? Neue Mitglieder sind bei uns immer willkommen. Wir sind zwar eine eingeschworene Truppe, aber nat\u00fcrlich keine geschlossene Gesellschaft. Rufen Sie an, kommen Sie vorbei oder schicken Sie eine Mail.<br><br>Der aktuelle Jahresbeitrag betr\u00e4gt zur Zeit 30,00 \u20ac.<\/p>\n\n\n\n<div style=\"height:100px\" aria-hidden=\"true\" class=\"wp-block-spacer\"><\/div>\n","protected":false},"excerpt":{"rendered":"<p>Herzlich willkommen beimLandFrauenVereinWacken und Umgebung! Wir freuen uns \u00fcber Ihr Interesse an unserem LandFrauenVerein und zeigen Ihnen auf unserer Seite mehr zu unserer Gemeinschaft. Unser Verein hat es sich zur Aufgabe gemacht, als Gemeinschaft das Landleben zu bereichern. Das Angebot der Landfrauen aus Wacken und Umgebung erstreckt sich von Seminaren und Vortr\u00e4gen \u00fcber regelm\u00e4\u00dfige offene Zusammenk\u00fcnfte und spontane Treffen bis hin zu Ausfl\u00fcgen und Reisen. So findet jede Frau passende und interessante M\u00f6glichkeiten auf Fortbildungen und gemeinschaftliche Vorhaben. Wir Landfrauen bilden uns regelm\u00e4\u00dfig zu vielf\u00e4ltigen Themen fort: Beruf, Neue Medien, soziale Sicherung, Frauenfragen, Familie, Landwirtschaft, Haushaltsmanagement, Politik, Berufsstand, Gemeinde, Ehrenamt, Kultur. Wir sind ein aktiver und fr\u00f6hlicher LandFrauenVerein, so dass bei uns m\u00f6glichst immer die Sonne scheint. Kommen Sie gerne dazu. Wir hei\u00dfen Sie gerne als neues Mitglied willkommen! Ihre LandFrauen aus Wacken und Umgebung Aktuell Informationen und Beitritt zur WhatsApp-Gruppe &#8222;Info LandFrauenVerein Wacken&#8220;bei Dorothee K\u00fchl unter 01514 4336440Unser Programm f\u00fcr Fr\u00fchjahr \/ Sommer 2026 ist online.Bericht mit Bildern zu unserer 70-Jahr-Feier Unser Vorstand 1. VorsitzendeClaudia LahannBokelrehm 2. VorsitzendeBianca PingelVaale 3. VorsitzendeHeike KrebsHolstenniendorf KassenwartinHilke SchmittatWacken Schriftf\u00fchrerinDorothee K\u00fchlHolstenniendorf BeisitzerinCarmen FauselHolstenniendorf BeisitzerinInes SchenkWacken BeisitzerinPetra HarderGribbohm BeisitzerinMeike TimmVaale Mitgliedschaft Sie finden unsere Vereinsarbeit spannend? Neue Mitglieder sind bei uns immer willkommen. Wir sind zwar eine eingeschworene Truppe, aber nat\u00fcrlich keine geschlossene Gesellschaft. Rufen Sie an, kommen Sie vorbei oder schicken Sie eine Mail. Der aktuelle Jahresbeitrag betr\u00e4gt zur Zeit 30,00 \u20ac.<\/p>\n","protected":false},"author":1,"featured_media":0,"parent":0,"menu_order":100,"comment_status":"closed","ping_status":"closed","template":"","meta":{"footnotes":""},"class_list":["post-10","page","type-page","status-publish","hentry"],"_links":{"self":[{"href":"https:\/\/lfv-wacken.de\/wp\/wp-json\/wp\/v2\/pages\/10","targetHints":{"allow":["GET"]}}],"collection":[{"href":"https:\/\/lfv-wacken.de\/wp\/wp-json\/wp\/v2\/pages"}],"about":[{"href":"https:\/\/lfv-wacken.de\/wp\/wp-json\/wp\/v2\/types\/page"}],"author":[{"embeddable":true,"href":"https:\/\/lfv-wacken.de\/wp\/wp-json\/wp\/v2\/users\/1"}],"replies":[{"embeddable":true,"href":"https:\/\/lfv-wacken.de\/wp\/wp-json\/wp\/v2\/comments?post=10"}],"version-history":[{"count":40,"href":"https:\/\/lfv-wacken.de\/wp\/wp-json\/wp\/v2\/pages\/10\/revisions"}],"predecessor-version":[{"id":398,"href":"https:\/\/lfv-wacken.de\/wp\/wp-json\/wp\/v2\/pages\/10\/revisions\/398"}],"wp:attachment":[{"href":"https:\/\/lfv-wacken.de\/wp\/wp-json\/wp\/v2\/media?parent=10"}],"curies":[{"name":"wp","href":"https:\/\/api.w.org\/{rel}","templated":true}]}}